{"id":2,"date":"2021-01-17T19:47:24","date_gmt":"2021-01-17T19:47:24","guid":{"rendered":"https:\/\/tus.fi\/kyv2021\/?page_id=2"},"modified":"2022-04-08T01:43:41","modified_gmt":"2022-04-07T23:43:41","slug":"kilpailuinfo","status":"publish","type":"page","link":"https:\/\/tus.fi\/kyv2022\/kilpailuinfo\/","title":{"rendered":"Kilpailuinfo"},"content":{"rendered":"\n<div class=\"wp-block-file\"><a href=\"https:\/\/tus.fi\/kyv2022\/wp-content\/uploads\/sites\/6\/2022\/03\/KYV-2022-kilpailukutsu.pdf\">Kilpailukutsu<\/a><\/div>\n\n\n\n<div class=\"wp-block-file\"><a href=\"https:\/\/tus.fi\/kyv2022\/wp-content\/uploads\/sites\/6\/2022\/04\/KYV2022_ratamestarin-lausunto-1-1.pdf\">Ratamestarin lausunto<\/a><\/div>\n\n\n\n<div class=\"wp-block-file\"><a href=\"https:\/\/tus.fi\/kyv2022\/wp-content\/uploads\/sites\/6\/2022\/03\/LahestyminenKYV2022.pdf\">L\u00e4hestyminen<\/a><\/div>\n\n\n\n<div class=\"wp-block-file\"><a href=\"https:\/\/tus.fi\/kyv2022\/wp-content\/uploads\/sites\/6\/2022\/04\/KYV-2022-kilpailuohjeDRAFT.pdf\">Kilpailuohje<\/a><\/div>\n\n\n\n<div class=\"wp-block-file\"><a href=\"https:\/\/tus.fi\/kyv2022\/wp-content\/uploads\/sites\/6\/2022\/04\/GPSseurattavat.pdf\">GPS-seurattavat joukkueet<\/a><\/div>\n\n\n\n<div class=\"wp-block-file\"><a href=\"https:\/\/tus.fi\/kyv2022\/wp-content\/uploads\/sites\/6\/2022\/04\/Pelastussuunnitelma_KYV22.pdf\">Pelastussuunnitelma<\/a><\/div>\n\n\n\n<div class=\"wp-block-file\"><a href=\"https:\/\/tus.fi\/kyv2022\/wp-content\/uploads\/sites\/6\/2022\/04\/Pelastussuunnitelma-Liite1.pdf\">Pelastussuunnitelma liite (kartta)<\/a><\/div>\n\n\n\n<p>L\u00e4ht\u00f6lista ja tulokset yl\u00e4valikon tulokset-linkist\u00e4.<\/p>\n\n\n\n<h2 class=\"wp-block-heading\">Kilpailukeskuksen kartta<\/h2>\n\n\n\n<figure class=\"wp-block-image size-full is-resized\"><a href=\"https:\/\/tus.fi\/kyv2022\/wp-content\/uploads\/sites\/6\/2022\/03\/Kilpailukeskus_27_3_2022.gif\"><img loading=\"lazy\" decoding=\"async\" src=\"https:\/\/tus.fi\/kyv2022\/wp-content\/uploads\/sites\/6\/2022\/03\/Kilpailukeskus_27_3_2022.gif\" alt=\"\" class=\"wp-image-92\" width=\"400\" height=\"251\"\/><\/a><\/figure>\n\n\n\n<div class=\"wp-block-file\"><a href=\"https:\/\/tus.fi\/kyv2022\/wp-content\/uploads\/sites\/6\/2022\/03\/Kilpailukeskus_27_3_2022.pdf\">Kilpailukeskus_27_3_2022.pdf<\/a><\/div>\n\n\n\n<h2 class=\"wp-block-heading\"><strong>Karttapalat<\/strong><\/h2>\n\n\n\n<figure class=\"wp-block-image\"><img decoding=\"async\" src=\"https:\/\/tus.fi\/kyv2020\/wp-content\/uploads\/sites\/2\/2020\/02\/Haijainenkarttapalat-300x296.gif\" alt=\"T\u00e4m\u00e4n kuvan alt-attribuutti on tyhj\u00e4; Tiedoston nimi on Haijainenkarttapalat-300x296.gif\"\/><\/figure>\n\n\n\n<h2 class=\"wp-block-heading\">Vanha kartta<\/h2>\n\n\n\n<figure class=\"wp-block-image\"><img decoding=\"async\" src=\"https:\/\/tus.fi\/kyv2020\/wp-content\/uploads\/sites\/2\/2020\/03\/haijainen-1024x719.png\" alt=\"T\u00e4m\u00e4n kuvan alt-attribuutti on tyhj\u00e4; Tiedoston nimi on haijainen-1024x719.png\"\/><\/figure>\n","protected":false},"excerpt":{"rendered":"<p>L\u00e4ht\u00f6lista ja tulokset yl\u00e4valikon tulokset-linkist\u00e4. Kilpailukeskuksen kartta Karttapalat Vanha kartta<\/p>\n","protected":false},"author":1,"featured_media":0,"parent":0,"menu_order":0,"comment_status":"closed","ping_status":"open","template":"","meta":{"footnotes":""},"class_list":["post-2","page","type-page","status-publish","hentry"],"_links":{"self":[{"href":"https:\/\/tus.fi\/kyv2022\/wp-json\/wp\/v2\/pages\/2","targetHints":{"allow":["GET"]}}],"collection":[{"href":"https:\/\/tus.fi\/kyv2022\/wp-json\/wp\/v2\/pages"}],"about":[{"href":"https:\/\/tus.fi\/kyv2022\/wp-json\/wp\/v2\/types\/page"}],"author":[{"embeddable":true,"href":"https:\/\/tus.fi\/kyv2022\/wp-json\/wp\/v2\/users\/1"}],"replies":[{"embeddable":true,"href":"https:\/\/tus.fi\/kyv2022\/wp-json\/wp\/v2\/comments?post=2"}],"version-history":[{"count":32,"href":"https:\/\/tus.fi\/kyv2022\/wp-json\/wp\/v2\/pages\/2\/revisions"}],"predecessor-version":[{"id":166,"href":"https:\/\/tus.fi\/kyv2022\/wp-json\/wp\/v2\/pages\/2\/revisions\/166"}],"wp:attachment":[{"href":"https:\/\/tus.fi\/kyv2022\/wp-json\/wp\/v2\/media?parent=2"}],"curies":[{"name":"wp","href":"https:\/\/api.w.org\/{rel}","templated":true}]}}