{"id":2,"date":"2024-08-15T10:11:49","date_gmt":"2024-08-15T07:11:49","guid":{"rendered":"https:\/\/tus.fi\/nuvi2024\/?page_id=2"},"modified":"2024-09-27T09:16:14","modified_gmt":"2024-09-27T06:16:14","slug":"kilpailuinfo","status":"publish","type":"page","link":"https:\/\/tus.fi\/nuvi2024\/kilpailuinfo\/","title":{"rendered":"Kilpailuinfo"},"content":{"rendered":"\n<p><a href=\"https:\/\/tus.fi\/nuvi2024\/wp-content\/uploads\/sites\/13\/2024\/09\/Kilpailukutsu-NuVi-2024-1.pdf\" data-type=\"link\" data-id=\"https:\/\/tus.fi\/nuvi2024\/wp-content\/uploads\/sites\/13\/2024\/09\/Kilpailukutsu-NuVi-2024.pdf\" target=\"_blank\" rel=\"noreferrer noopener\">Kilpailukutsu<\/a><\/p>\n\n\n\n<p><a href=\"https:\/\/irma.suunnistusliitto.fi\/public\/competition\/view\/26525\" data-type=\"link\" data-id=\"https:\/\/irma.suunnistusliitto.fi\/public\/competition\/view\/26525\" target=\"_blank\" rel=\"noreferrer noopener\">Ilmoittautuminen<\/a><\/p>\n\n\n\n<p><a href=\"https:\/\/tus.fi\/nuvi2024\/wp-content\/uploads\/sites\/13\/2024\/09\/Impivaara.pdf\" target=\"_blank\" rel=\"noreferrer noopener\">Vanha kartta<\/a><\/p>\n\n\n\n<p><a href=\"https:\/\/tus.fi\/nuvi2024\/wp-content\/uploads\/sites\/13\/2024\/09\/LahestyminenNuVi2024-1-scaled.gif\" data-type=\"link\" data-id=\"https:\/\/tus.fi\/nuvi2024\/wp-content\/uploads\/sites\/13\/2024\/09\/LahestyminenNuVi2024-1-scaled.gif\" target=\"_blank\" rel=\"noreferrer noopener\">L\u00e4hestyminen<\/a><\/p>\n\n\n\n<p><a href=\"https:\/\/tus.fi\/nuvi2024\/wp-content\/uploads\/sites\/13\/2024\/09\/Kilpailukeskus-scaled.gif\" target=\"_blank\" rel=\"noreferrer noopener\">Kilpailukeskuskartta<\/a><\/p>\n\n\n\n<p><a rel=\"noreferrer noopener\" href=\"https:\/\/tus.fi\/nuvi2024\/wp-content\/uploads\/sites\/13\/2024\/09\/NuVi-2024-Kilpailuohje.pdf\" target=\"_blank\">Kilpailuohje<\/a><\/p>\n\n\n\n<p><a rel=\"noreferrer noopener\" href=\"https:\/\/tus.fi\/nuvi2024\/wp-content\/uploads\/sites\/13\/2024\/09\/Ratamestarilausunto-24.pdf\" target=\"_blank\">Ratamestarilausunto<\/a><\/p>\n\n\n\n<p><a href=\"https:\/\/tus.fi\/nuvi2024\/wp-content\/uploads\/sites\/13\/2024\/09\/GPS-joukkueet_NuVi2024.pdf\" data-type=\"link\" data-id=\"https:\/\/tus.fi\/nuvi2024\/wp-content\/uploads\/sites\/13\/2024\/09\/GPS-joukkueet_NuVi2024.pdf\" target=\"_blank\" rel=\"noreferrer noopener\">GPS-joukkueet<\/a><\/p>\n\n\n\n<p>L\u00e4ht\u00f6listat ja tulokset yl\u00e4valikon Tulokset-linkist\u00e4.<\/p>\n","protected":false},"excerpt":{"rendered":"<p>Kilpailukutsu Ilmoittautuminen Vanha kartta L\u00e4hestyminen Kilpailukeskuskartta Kilpailuohje Ratamestarilausunto GPS-joukkueet L\u00e4ht\u00f6listat ja tulokset yl\u00e4valikon Tulokset-linkist\u00e4.<\/p>\n","protected":false},"author":2,"featured_media":0,"parent":0,"menu_order":0,"comment_status":"closed","ping_status":"open","template":"","meta":{"footnotes":""},"class_list":["post-2","page","type-page","status-publish","hentry"],"_links":{"self":[{"href":"https:\/\/tus.fi\/nuvi2024\/wp-json\/wp\/v2\/pages\/2","targetHints":{"allow":["GET"]}}],"collection":[{"href":"https:\/\/tus.fi\/nuvi2024\/wp-json\/wp\/v2\/pages"}],"about":[{"href":"https:\/\/tus.fi\/nuvi2024\/wp-json\/wp\/v2\/types\/page"}],"author":[{"embeddable":true,"href":"https:\/\/tus.fi\/nuvi2024\/wp-json\/wp\/v2\/users\/2"}],"replies":[{"embeddable":true,"href":"https:\/\/tus.fi\/nuvi2024\/wp-json\/wp\/v2\/comments?post=2"}],"version-history":[{"count":14,"href":"https:\/\/tus.fi\/nuvi2024\/wp-json\/wp\/v2\/pages\/2\/revisions"}],"predecessor-version":[{"id":53,"href":"https:\/\/tus.fi\/nuvi2024\/wp-json\/wp\/v2\/pages\/2\/revisions\/53"}],"wp:attachment":[{"href":"https:\/\/tus.fi\/nuvi2024\/wp-json\/wp\/v2\/media?parent=2"}],"curies":[{"name":"wp","href":"https:\/\/api.w.org\/{rel}","templated":true}]}}