{"id":17,"date":"2025-08-13T17:38:00","date_gmt":"2025-08-13T14:38:00","guid":{"rendered":"https:\/\/tus.fi\/nuvi2025\/?page_id=17"},"modified":"2025-08-19T12:40:32","modified_gmt":"2025-08-19T09:40:32","slug":"kilpailukutsu","status":"publish","type":"page","link":"https:\/\/tus.fi\/nuvi2025\/kilpailukutsu\/","title":{"rendered":"Kilpailukutsu"},"content":{"rendered":"\n<p><strong>XXXIV Nuorisoviesti Turussa Lausteen koululla&nbsp;lauantaina 27.9.2025<\/strong><\/p>\n\n\n\n<p><strong>Sarjat&nbsp;<\/strong><\/p>\n\n\n\n<p>A-sarja: H\/D16, 7 osuutta, maksimi yhteisik\u00e4 100 vuotta, joukkueessa on oltava v\u00e4hint\u00e4\u00e4n kolme tytt\u00f6\u00e4. Osuudella 6 suunnistaja on oltava tytt\u00f6.&nbsp;<\/p>\n\n\n\n<p>B-sarja: H\/D12, 4 osuutta, maksimi yhteisik\u00e4 44 vuotta, joukkueessa on oltava v\u00e4hint\u00e4\u00e4n yksi tytt\u00f6.<\/p>\n\n\n\n<p>C-sarja: kuntosarja, 3 osuutta, vapaa osallistumisoikeus.&nbsp;<\/p>\n\n\n\n<p>Osanottajilta&nbsp;ei vaadita kilpailulisenssi\u00e4 tai vakuutusta. Osallistuminen tapahtuu omalla vastuulla.<\/p>\n\n\n\n<p><strong>Matkat&nbsp;<\/strong><\/p>\n\n\n\n<p>A-sarja: 1. osuus noin 4 km, 3.\u20134. osuus ja 6. osuus noin 3,2 km, 2. ja 5.osuus noin 2,3 km (2. ja 5. osuuksilla ei ole hajontaa), 7. osuus noin 4,2 km. B-sarja: 1. ja 4. osuus noin 2,0 km (TR), 2. ja 3. osuus noin 1,7 km, siimaa pitkin 2,4 km (RR). C-sarja: 1.\u20133. osuus noin 4,0 &#8211; 4,3 km.&nbsp;<\/p>\n\n\n\n<p><strong>Ilmoittautuminen<\/strong>&nbsp;<\/p>\n\n\n\n<p>SSL:n IRMA-j\u00e4rjestelm\u00e4\u00e4 k\u00e4ytt\u00e4en. Ilmoittautumisten on oltava perill\u00e4 viimeist\u00e4\u00e4n sunnuntaina 21.9.2025 klo 23.59 menness\u00e4. C-sarjalaiset voivat ilmoittautua tarvittaessa suoraan tulospalveluun&nbsp;<a href=\"mailto:niko@resultsalo.fi\">niko@resultsalo.fi<\/a>.<\/p>\n\n\n\n<p><strong>J\u00e4lki-ilmoittautuminen&nbsp;<\/strong><\/p>\n\n\n\n<p>Kaksinkertaisella osanottomaksulla ensisijaisesti SSL:n IRMA-j\u00e4rjestelm\u00e4\u00e4 k\u00e4ytt\u00e4en tai vaihtoehtoisesti s\u00e4hk\u00f6postitse osoitteeseen&nbsp;<a href=\"mailto:niko@resultsalo.fi\">niko@resultsalo.fi<\/a>. J\u00e4lki-ilmoittautumisten on oltava perill\u00e4 viimeist\u00e4\u00e4n keskiviikkona 24.9.2025 klo 23.59 menness\u00e4.&nbsp;<\/p>\n\n\n\n<p><strong>Juoksuj\u00e4rjestyksen ja Emit-kortin numeron ilmoittaminen<\/strong>&nbsp;<\/p>\n\n\n\n<p>Kilpailijoiden juoksuj\u00e4rjestys ja Emit-korttien numerot on ilmoitettava viimeist\u00e4\u00e4n perjantaina 26.9.2025 klo 21.00 menness\u00e4 ensisijaisesti IRMA-j\u00e4rjestelm\u00e4\u00e4n tai vaihtoehtoisesti s\u00e4hk\u00f6postitse osoitteeseen&nbsp;<a href=\"mailto:niko@resultsalo.fi\">niko@resultsalo.fi<\/a>.&nbsp;My\u00f6hemmin teht\u00e4v\u00e4t juoksuj\u00e4rjestyksen tai Emit-korttien numeroiden muutokset ovat maksullisia (5 \u20ac \/ muutos). Lopulliset juoksuj\u00e4rjestykset on j\u00e4tett\u00e4v\u00e4 j\u00e4rjest\u00e4jille kilpailup\u00e4iv\u00e4n\u00e4 viimeist\u00e4\u00e4n klo 10.00 menness\u00e4.&nbsp;<\/p>\n\n\n\n<p><strong>Osanottomaksut&nbsp;<\/strong><\/p>\n\n\n\n<p>A-sarja 115 \u20ac, B-sarja 70 \u20ac, C-sarja 60 \u20ac. J\u00e4lki-ilmoittautuminen kaksinkertaisin osanottomaksuin. Osallistumismaksut maksetaan ilmoittautumisen yhteydess\u00e4 IRMA-j\u00e4rjestelm\u00e4n kautta tai mik\u00e4li se ei ole k\u00e4yt\u00f6ss\u00e4 Turun Suunnistajien tilille IBAN: FI61\u00a05711 6120 0235 08, SWIFT\/BIC: OKOYFIHH. Maksettaessa on k\u00e4ytett\u00e4v\u00e4 seurakohtaista viitenumeroa tai merkitt\u00e4v\u00e4 maksun viestikentt\u00e4\u00e4n joukkueen nimi ja sarja. Laina-Emitin vuokra 5 \u20ac.\u00a0<\/p>\n\n\n\n<p><strong>Leimausj\u00e4rjestelm\u00e4&nbsp;<\/strong><\/p>\n\n\n\n<p>Emit-leimaus. Jokaisella osuudella on k\u00e4ytett\u00e4v\u00e4 eri Emit-korttia eik\u00e4 samaa korttia saa k\u00e4ytt\u00e4\u00e4 kahdessa eri joukkueessa.&nbsp;<\/p>\n\n\n\n<p><strong>Saapuminen kisakeskukseen<\/strong><\/p>\n\n\n\n<p>K\u00e4tevimmin paikalle p\u00e4\u00e4see F\u00f6lin runkolinjalla numero 4. Pys\u00e4kki on Lausteen koulun \/ kisakeskuksen edess\u00e4.<\/p>\n\n\n\n<p>Autolla saapuvien opastus alkaa\u00a0<a href=\"https:\/\/maps.app.goo.gl\/S2y9XCU9hjzJjmwM6\">Pormestarinkadun ja Maistraatinkadun risteyksest\u00e4<\/a>,\u00a0josta autot ohjataan pys\u00e4k\u00f6intialueille.\u00a0Et\u00e4isyys paikoituksesta kilpailukeskukseen on noin 700 &#8211; 1000 m. K\u00e4velyreitti pys\u00e4k\u00f6innist\u00e4 kilpailukeskukseen on merkattu nauhalla. Opasteet ovat paikoillaan lauantaina 27.9.2025 klo 9.00 alkaen.\u00a0<\/p>\n\n\n\n<p>Kilpailukeskuksen v\u00e4litt\u00f6m\u00e4ss\u00e4 l\u00e4heisyydess\u00e4 (<a href=\"https:\/\/maps.app.goo.gl\/JhNVD9AT2HQr6xCj9\">Raadinkatu 7<\/a>) on k\u00e4\u00e4nt\u00f6paikka, johon voi j\u00e4tt\u00e4\u00e4 matkustajia tai tavaroita, mutta siin\u00e4 ei ole pitk\u00e4aikaista pys\u00e4k\u00f6inti\u00e4.\u00a0<\/p>\n\n\n\n<p><strong>Pys\u00e4k\u00f6inti&nbsp;<\/strong><\/p>\n\n\n\n<p>Henkil\u00f6autojen ilmainen pys\u00e4k\u00f6inti Rummunly\u00f6j\u00e4nkadun ja Pormestarinpuiston kentill\u00e4 j\u00e4rjest\u00e4jien parkkiohjauksen mukaisesti.&nbsp;Bussien pys\u00e4k\u00f6inti erillisen ohjeen mukaan. Ennakkoilmoitus bussilla tulosta viimeist\u00e4\u00e4n torstaina 25.9.2025 klo 12.00 menness\u00e4 kilpailunjohtajalle (ks. kohta \u201dToimihenkil\u00f6t\u201d).&nbsp;<\/p>\n\n\n\n<p><strong>L\u00e4hd\u00f6t&nbsp;<\/strong><\/p>\n\n\n\n<p>Yhteisl\u00e4hd\u00f6t porrastetusti sarjoittain klo 11.00 alkaen.&nbsp;<\/p>\n\n\n\n<p><strong>Kartta&nbsp;<\/strong><\/p>\n\n\n\n<p>Kaikissa sarjoissa suunnistuskartta, mittakaava&nbsp;1:7500, k\u00e4yr\u00e4v\u00e4li 2,5 m, ajantasaistettu 2025, muovisuojuksessa, tulostettu 9\/2025.&nbsp;<\/p>\n\n\n\n<p><strong>Maastokuvaus<\/strong>&nbsp;<\/p>\n\n\n\n<p>Maasto on Lausteen pururadan ja frisbeegolfpuiston ymp\u00e4rist\u00f6ss\u00e4 olevaa polkurikasta maastoa.&nbsp;<\/p>\n\n\n\n<p><strong>Toimihenkil\u00f6t&nbsp;<\/strong><\/p>\n\n\n\n<p>Kilpailunjohtaja: Mari Holmroos puh.\u00a0040 7289 732, mari.holmroos@gmail.com<\/p>\n\n\n\n<p>Ratamestariryhm\u00e4: Jonas Nyman ja Jarmo Jerkku<\/p>\n\n\n\n<p>Kilpailun valvoja: Teemu Niskanen, Lahden Suunnistajat -37<\/p>\n\n\n\n<p>Verkkosivut:\u00a0<a href=\"http:\/\/tus.fi\/nuvi2025\/\">tus.fi\/nuvi2025\/<\/a><\/p>\n\n\n\n<p><strong>Pukeutuminen, pesu ja wc-tilat<\/strong><\/p>\n\n\n\n<p>Pukeutuminen ja WC kilpailukeskuksessa. Pesumahdollisuutta ei ole.<\/p>\n","protected":false},"excerpt":{"rendered":"<p>XXXIV Nuorisoviesti Turussa Lausteen koululla&nbsp;lauantaina 27.9.2025 Sarjat&nbsp; A-sarja: H\/D16, 7 osuutta, maksimi yhteisik\u00e4 100 vuotta, joukkueessa on oltava v\u00e4hint\u00e4\u00e4n kolme tytt\u00f6\u00e4. Osuudella 6 suunnistaja on oltava tytt\u00f6.&nbsp; B-sarja: H\/D12, 4 osuutta, maksimi yhteisik\u00e4 44 vuotta, joukkueessa on oltava v\u00e4hint\u00e4\u00e4n yksi tytt\u00f6. C-sarja: kuntosarja, 3 osuutta, vapaa osallistumisoikeus.&nbsp; Osanottajilta&nbsp;ei vaadita kilpailulisenssi\u00e4 tai vakuutusta. Osallistuminen tapahtuu omalla [&hellip;]<\/p>\n","protected":false},"author":2,"featured_media":0,"parent":0,"menu_order":0,"comment_status":"closed","ping_status":"closed","template":"","meta":{"footnotes":""},"class_list":["post-17","page","type-page","status-publish","hentry"],"_links":{"self":[{"href":"https:\/\/tus.fi\/nuvi2025\/wp-json\/wp\/v2\/pages\/17","targetHints":{"allow":["GET"]}}],"collection":[{"href":"https:\/\/tus.fi\/nuvi2025\/wp-json\/wp\/v2\/pages"}],"about":[{"href":"https:\/\/tus.fi\/nuvi2025\/wp-json\/wp\/v2\/types\/page"}],"author":[{"embeddable":true,"href":"https:\/\/tus.fi\/nuvi2025\/wp-json\/wp\/v2\/users\/2"}],"replies":[{"embeddable":true,"href":"https:\/\/tus.fi\/nuvi2025\/wp-json\/wp\/v2\/comments?post=17"}],"version-history":[{"count":3,"href":"https:\/\/tus.fi\/nuvi2025\/wp-json\/wp\/v2\/pages\/17\/revisions"}],"predecessor-version":[{"id":22,"href":"https:\/\/tus.fi\/nuvi2025\/wp-json\/wp\/v2\/pages\/17\/revisions\/22"}],"wp:attachment":[{"href":"https:\/\/tus.fi\/nuvi2025\/wp-json\/wp\/v2\/media?parent=17"}],"curies":[{"name":"wp","href":"https:\/\/api.w.org\/{rel}","templated":true}]}}