{"id":68,"date":"2025-09-24T21:45:18","date_gmt":"2025-09-24T18:45:18","guid":{"rendered":"https:\/\/tus.fi\/nuvi2025\/?page_id=68"},"modified":"2025-09-24T21:45:18","modified_gmt":"2025-09-24T18:45:18","slug":"ratamestarin-lausunto","status":"publish","type":"page","link":"https:\/\/tus.fi\/nuvi2025\/ratamestarin-lausunto\/","title":{"rendered":"Ratamestarin lausunto"},"content":{"rendered":"\n<p>Syksyn 2025 Nuorisoviesti suunnistetaan Lausteen alueella. Kuntoradan ja frisbeegolfpuiston ymp\u00e4rist\u00f6 polkuineen tarjoaa hyv\u00e4t puitteet Nuorisoviestin radoille. Maasto on monipuolinen, sill\u00e4 perinteisen varsinaissuomalaisen kalliomaaston lis\u00e4ksi alueella on moottoritien l\u00e4jitysmaille aikoinaan rakennettu laaja frisbeegolfrata. Se on hoidettu 7k-frisbeegolfseuran toimesta l\u00e4hes puistomaiseen kuntoon. Kisan pidemm\u00e4t radat k\u00e4yv\u00e4t my\u00f6s toisella l\u00e4jitysmaa-alueella, joka vuosituhannen vaihteessa istutetun m\u00e4nnik\u00f6n ansiosta muistuttaa kangasmets\u00e4\u00e4.&nbsp;<\/p>\n\n\n\n<p>Vastapainona n\u00e4ille nopeakulkuisille alueille on erityisesti kuntoradan yhteydess\u00e4 paikoin tihe\u00e4\u00e4 mets\u00e4\u00e4, joka suunnistajan kannattaa huomioida reitinvalinnoissaan. &#8221;Onneksi&#8221; kartalle saatiin my\u00f6s ns. pystyvihre\u00e4\u00e4 (hidastava maapohja) ihan viime tipassa, kun Kaarinan kaupunki aloitti harvennushakkuita juuri ennen kisaa. N\u00e4in ollen reitinvalintojen merkitys korostuu entisest\u00e4\u00e4n. Maaston kulkukelpoisuus k\u00e4y hyvin ilmi kartasta.&nbsp;<\/p>\n\n\n\n<p>Frisbeegolfv\u00e4ylien korit on kuvattu kartassa&nbsp; pienill\u00e4 mustilla ympyr\u00f6ill\u00e4. Mets\u00e4ss\u00e4 kulkevat frisbeegolfv\u00e4yl\u00e4t on kuvattu karttaan puoliavoimena alueena (keltaiset pisteet valkoisella pohjalla). Niiss\u00e4 kohdissa, joissa siimari (oranssi viiva) kulkee v\u00e4yl\u00e4\u00e4 pitkin, puoliavoimen merkint\u00e4 on vaikea erottaa kartasta.<\/p>\n\n\n\n<p>Osa poluista on maastossa merkattu keltaisilla nauhoilla, mutta n\u00e4m\u00e4 merkkaukset eiv\u00e4t liity Nuorisoviestiin mitenk\u00e4\u00e4n. Er\u00e4\u00e4n korkean jyrk\u00e4nteen reuna on turvallisuussyist\u00e4 merkattu maastossa, mutta ei kartassa, kielletyn alueen nauhoituksella p\u00e4\u00e4st\u00e4 p\u00e4\u00e4h\u00e4n.<\/p>\n\n\n\n<p>Kuntoradan valaistus on uusittu, ja t\u00e4m\u00e4n ty\u00f6maan j\u00e4ljilt\u00e4 kuntoradan varrella saattaa viel\u00e4 27.9. paikoitellen olla vanhoja, kaadettuja valaisintolppia. N\u00e4iden ei pit\u00e4isi vaikuttaa suunnistajan etenemiseen juurikaan. Frisbeegolfseuran tekem\u00e4t sillat ovat n\u00e4ytt\u00e4vi\u00e4, mutta ne saattavat olla liukkaita. My\u00f6s pitkospuut, jos ne osuvat reitille, ovat eritt\u00e4in liukkaat.<\/p>\n\n\n\n<p>Kuten viesteiss\u00e4 aina, rasteja on l\u00e4hekk\u00e4in. Tarkistakaa siis koodit. Nauttikaa viestisuunnistuksesta!&nbsp;&nbsp;<\/p>\n\n\n\n<p>Ratamestarit<\/p>\n","protected":false},"excerpt":{"rendered":"<p>Syksyn 2025 Nuorisoviesti suunnistetaan Lausteen alueella. Kuntoradan ja frisbeegolfpuiston ymp\u00e4rist\u00f6 polkuineen tarjoaa hyv\u00e4t puitteet Nuorisoviestin radoille. Maasto on monipuolinen, sill\u00e4 perinteisen varsinaissuomalaisen kalliomaaston lis\u00e4ksi alueella on moottoritien l\u00e4jitysmaille aikoinaan rakennettu laaja frisbeegolfrata. Se on hoidettu 7k-frisbeegolfseuran toimesta l\u00e4hes puistomaiseen kuntoon. Kisan pidemm\u00e4t radat k\u00e4yv\u00e4t my\u00f6s toisella l\u00e4jitysmaa-alueella, joka vuosituhannen vaihteessa istutetun m\u00e4nnik\u00f6n ansiosta muistuttaa kangasmets\u00e4\u00e4.&nbsp; [&hellip;]<\/p>\n","protected":false},"author":2,"featured_media":0,"parent":0,"menu_order":0,"comment_status":"closed","ping_status":"closed","template":"","meta":{"footnotes":""},"class_list":["post-68","page","type-page","status-publish","hentry"],"_links":{"self":[{"href":"https:\/\/tus.fi\/nuvi2025\/wp-json\/wp\/v2\/pages\/68","targetHints":{"allow":["GET"]}}],"collection":[{"href":"https:\/\/tus.fi\/nuvi2025\/wp-json\/wp\/v2\/pages"}],"about":[{"href":"https:\/\/tus.fi\/nuvi2025\/wp-json\/wp\/v2\/types\/page"}],"author":[{"embeddable":true,"href":"https:\/\/tus.fi\/nuvi2025\/wp-json\/wp\/v2\/users\/2"}],"replies":[{"embeddable":true,"href":"https:\/\/tus.fi\/nuvi2025\/wp-json\/wp\/v2\/comments?post=68"}],"version-history":[{"count":1,"href":"https:\/\/tus.fi\/nuvi2025\/wp-json\/wp\/v2\/pages\/68\/revisions"}],"predecessor-version":[{"id":69,"href":"https:\/\/tus.fi\/nuvi2025\/wp-json\/wp\/v2\/pages\/68\/revisions\/69"}],"wp:attachment":[{"href":"https:\/\/tus.fi\/nuvi2025\/wp-json\/wp\/v2\/media?parent=68"}],"curies":[{"name":"wp","href":"https:\/\/api.w.org\/{rel}","templated":true}]}}