{"id":75,"date":"2025-09-26T15:23:38","date_gmt":"2025-09-26T12:23:38","guid":{"rendered":"https:\/\/tus.fi\/nuvi2025\/?page_id=75"},"modified":"2025-09-26T15:26:53","modified_gmt":"2025-09-26T12:26:53","slug":"gps-seurattavat-joukkueet","status":"publish","type":"page","link":"https:\/\/tus.fi\/nuvi2025\/gps-seurattavat-joukkueet\/","title":{"rendered":"GPS-seurattavat joukkueet"},"content":{"rendered":"\n<p>GPS-seurannassa 20 joukkuetta Nuorisoviestin 2024 vuoden tulosten perusteella (huomioiden seuran 1. joukkueen sijoituksen). Kisen edetess\u00e4 voidaan ottaa seurantaan lis\u00e4\u00e4 joukkueita, jotka ovat k\u00e4rkisijoituksilla.<\/p>\n\n\n\n<p>Seuraavien <strong>A-sarjan<\/strong> joukkueiden <strong>2. 4. ja 7. osuuden juoksijat<\/strong> kantavat GPS-laitetta kisan aikana:<\/p>\n\n\n\n<figure class=\"wp-block-table is-style-stripes\"><table><thead><tr><th>Numero<\/th><th>Joukkueen nimi<\/th><\/tr><\/thead><tbody><tr><td>4<\/td><td>Angelniemen Ankkuri<\/td><\/tr><tr><td>7<\/td><td>Espoon Suunta<\/td><\/tr><tr><td>20<\/td><td>Hauhon Sisu<\/td><\/tr><tr><td>8<\/td><td>Helsingin Suunnistajat<\/td><\/tr><tr><td>17<\/td><td>Hiidenkiert\u00e4j\u00e4t<\/td><\/tr><tr><td>22<\/td><td>Ikaalisten Nouseva-Voima<\/td><\/tr><tr><td>13<\/td><td>Kalevan Rasti<\/td><\/tr><tr><td>24<\/td><td>Kangasalan SK<\/td><\/tr><tr><td>19<\/td><td>Kauhajoen Karhu<\/td><\/tr><tr><td>6<\/td><td>Koovee<\/td><\/tr><tr><td>3<\/td><td>Lahden Suunnistajat -37<\/td><\/tr><tr><td>5<\/td><td>Lynx<\/td><\/tr><tr><td>26<\/td><td>MS Parma<\/td><\/tr><tr><td>11<\/td><td>OK Trian<\/td><\/tr><tr><td>28<\/td><td>OK 77<\/td><\/tr><tr><td>18<\/td><td>Paimion Rasti<\/td><\/tr><tr><td>23<\/td><td>Pihkaniskat<\/td><\/tr><tr><td>9<\/td><td>Rastikarhut<\/td><\/tr><tr><td>2<\/td><td>Tampereen Pyrint\u00f6<\/td><\/tr><tr><td>1<\/td><td>Turun Suunnistajat<\/td><\/tr><\/tbody><\/table><\/figure>\n","protected":false},"excerpt":{"rendered":"<p>GPS-seurannassa 20 joukkuetta Nuorisoviestin 2024 vuoden tulosten perusteella (huomioiden seuran 1. joukkueen sijoituksen). Kisen edetess\u00e4 voidaan ottaa seurantaan lis\u00e4\u00e4 joukkueita, jotka ovat k\u00e4rkisijoituksilla. Seuraavien A-sarjan joukkueiden 2. 4. ja 7. osuuden juoksijat kantavat GPS-laitetta kisan aikana: Numero Joukkueen nimi 4 Angelniemen Ankkuri 7 Espoon Suunta 20 Hauhon Sisu 8 Helsingin Suunnistajat 17 Hiidenkiert\u00e4j\u00e4t 22 Ikaalisten [&hellip;]<\/p>\n","protected":false},"author":2,"featured_media":0,"parent":0,"menu_order":0,"comment_status":"closed","ping_status":"closed","template":"","meta":{"footnotes":""},"class_list":["post-75","page","type-page","status-publish","hentry"],"_links":{"self":[{"href":"https:\/\/tus.fi\/nuvi2025\/wp-json\/wp\/v2\/pages\/75","targetHints":{"allow":["GET"]}}],"collection":[{"href":"https:\/\/tus.fi\/nuvi2025\/wp-json\/wp\/v2\/pages"}],"about":[{"href":"https:\/\/tus.fi\/nuvi2025\/wp-json\/wp\/v2\/types\/page"}],"author":[{"embeddable":true,"href":"https:\/\/tus.fi\/nuvi2025\/wp-json\/wp\/v2\/users\/2"}],"replies":[{"embeddable":true,"href":"https:\/\/tus.fi\/nuvi2025\/wp-json\/wp\/v2\/comments?post=75"}],"version-history":[{"count":5,"href":"https:\/\/tus.fi\/nuvi2025\/wp-json\/wp\/v2\/pages\/75\/revisions"}],"predecessor-version":[{"id":81,"href":"https:\/\/tus.fi\/nuvi2025\/wp-json\/wp\/v2\/pages\/75\/revisions\/81"}],"wp:attachment":[{"href":"https:\/\/tus.fi\/nuvi2025\/wp-json\/wp\/v2\/media?parent=75"}],"curies":[{"name":"wp","href":"https:\/\/api.w.org\/{rel}","templated":true}]}}