{"id":66,"date":"2020-09-23T22:14:25","date_gmt":"2020-09-23T22:14:25","guid":{"rendered":"https:\/\/tus.fi\/sm2021\/?page_id=66"},"modified":"2021-06-05T22:15:37","modified_gmt":"2021-06-05T19:15:37","slug":"kilpailuinfo","status":"publish","type":"page","link":"https:\/\/tus.fi\/sm2021\/kilpailuinfo\/","title":{"rendered":"Kilpailuinfo"},"content":{"rendered":"\n<div class=\"wp-block-file\"><a href=\"https:\/\/tus.fi\/sm2021\/wp-content\/uploads\/sites\/5\/2021\/05\/Kilpailukutsu.pdf\">Kilpailukutsu<\/a><\/div>\n\n\n\n<p><a href=\"https:\/\/eventor.orienteering.org\/Documents\/Event\/4241\/1\/Bulletin-1\">WRE Bulletin 1<\/a><\/p>\n\n\n\n<div class=\"wp-block-file\"><a href=\"https:\/\/tus.fi\/sm2021\/wp-content\/uploads\/sites\/5\/2021\/06\/Ratatiedot.pdf\">Ratatiedot<\/a><\/div>\n\n\n\n<div class=\"wp-block-file\"><a href=\"https:\/\/tus.fi\/sm2021\/wp-content\/uploads\/sites\/5\/2021\/06\/Ratamestarin-lausunto.pdf\">Ratamestarin ja valvojan lausunto<\/a><\/div>\n\n\n\n<div class=\"wp-block-file\"><a href=\"https:\/\/tus.fi\/sm2021\/wp-content\/uploads\/sites\/5\/2021\/05\/palat.pdf\">Karttapalat<\/a><\/div>\n\n\n\n<div class=\"wp-block-file\"><a href=\"https:\/\/tus.fi\/sm2021\/wp-content\/uploads\/sites\/5\/2021\/06\/Terveysturvallisuussuunnitelma_SM21-1.pdf\">Terveysturvallisuussuunnitelma<\/a><\/div>\n\n\n\n<div class=\"wp-block-file\"><a href=\"https:\/\/tus.fi\/sm2021\/wp-content\/uploads\/sites\/5\/2021\/06\/Kilpailukeskus.gif\">Kilpailukeskuskartta<\/a><\/div>\n\n\n\n<div class=\"wp-block-file\"><a href=\"https:\/\/tus.fi\/sm2021\/wp-content\/uploads\/sites\/5\/2021\/06\/KilpailukeskusLaaja.gif\">Kilpailukeskuskartta Laaja<\/a><\/div>\n\n\n\n<div class=\"wp-block-file\"><a href=\"https:\/\/tus.fi\/sm2021\/wp-content\/uploads\/sites\/5\/2021\/06\/Kilpailuohje.pdf\">Alustavat kilpailuohjeet<\/a><\/div>\n\n\n\n<div class=\"wp-block-file\"><a href=\"https:\/\/tus.fi\/sm2021\/wp-content\/uploads\/sites\/5\/2021\/06\/Tavlingsdirektiv.pdf\">Prelimin\u00e4r\u00e4 t\u00e4vlingsdirektiv<\/a><\/div>\n\n\n\n<div class=\"wp-block-file\"><a href=\"https:\/\/tus.fi\/sm2021\/wp-content\/uploads\/sites\/5\/2021\/06\/bulletin-2-1.pdf\">WRE Bulletin 2<\/a><\/div>\n\n\n\n<div class=\"wp-block-file\"><a href=\"https:\/\/tus.fi\/sm2021\/wp-content\/uploads\/sites\/5\/2021\/06\/Lounas-tuoteselosteet.pdf\">Lounaan tuoteselosteet<\/a><\/div>\n\n\n\n<h3 class=\"wp-block-heading\" id=\"harjoituskieltoalue\">Harjoituskieltoalue<\/h3>\n\n\n\n<p><a href=\"http:\/\/www.karttarekisteri.fi\/kartta2017\/index.php\/pages\/maps\" data-type=\"URL\" data-id=\"http:\/\/www.karttarekisteri.fi\/kartta2017\/index.php\/pages\/maps\">Karttarekisteri<\/a><\/p>\n\n\n\n<figure class=\"wp-block-image size-large is-resized\"><a href=\"https:\/\/tus.fi\/sm2021\/wp-content\/uploads\/sites\/5\/2020\/09\/harjoituskieltoalue.png\"><img loading=\"lazy\" decoding=\"async\" src=\"https:\/\/tus.fi\/sm2021\/wp-content\/uploads\/sites\/5\/2020\/09\/harjoituskieltoalue.png\" alt=\"\" class=\"wp-image-67\" width=\"263\" height=\"472\" srcset=\"https:\/\/tus.fi\/sm2021\/wp-content\/uploads\/sites\/5\/2020\/09\/harjoituskieltoalue.png 424w, https:\/\/tus.fi\/sm2021\/wp-content\/uploads\/sites\/5\/2020\/09\/harjoituskieltoalue-167x300.png 167w\" sizes=\"auto, (max-width: 263px) 100vw, 263px\" \/><\/a><\/figure>\n\n\n\n<h3 class=\"wp-block-heading\" id=\"vanha-kartta\">Vanha kartta<\/h3>\n\n\n\n<p><a href=\"https:\/\/tus.fi\/sm2021\/wp-content\/uploads\/sites\/5\/2020\/09\/Koylijarvi-1999.pdf\">K\u00f6ylij\u00e4rvi 1999.pdf<\/a><\/p>\n\n\n\n<figure class=\"wp-block-image size-large is-resized\"><a href=\"https:\/\/tus.fi\/sm2021\/wp-content\/uploads\/sites\/5\/2020\/09\/koylijarvi.png\"><img loading=\"lazy\" decoding=\"async\" src=\"https:\/\/tus.fi\/sm2021\/wp-content\/uploads\/sites\/5\/2020\/09\/koylijarvi-1024x717.png\" alt=\"\" class=\"wp-image-84\" width=\"561\" height=\"393\" srcset=\"https:\/\/tus.fi\/sm2021\/wp-content\/uploads\/sites\/5\/2020\/09\/koylijarvi-1024x717.png 1024w, https:\/\/tus.fi\/sm2021\/wp-content\/uploads\/sites\/5\/2020\/09\/koylijarvi-300x210.png 300w, https:\/\/tus.fi\/sm2021\/wp-content\/uploads\/sites\/5\/2020\/09\/koylijarvi-768x538.png 768w, https:\/\/tus.fi\/sm2021\/wp-content\/uploads\/sites\/5\/2020\/09\/koylijarvi-1536x1075.png 1536w, https:\/\/tus.fi\/sm2021\/wp-content\/uploads\/sites\/5\/2020\/09\/koylijarvi.png 1837w\" sizes=\"auto, (max-width: 561px) 100vw, 561px\" \/><\/a><\/figure>\n","protected":false},"excerpt":{"rendered":"<p>WRE Bulletin 1 Harjoituskieltoalue Karttarekisteri Vanha kartta K\u00f6ylij\u00e4rvi 1999.pdf<\/p>\n","protected":false},"author":1,"featured_media":0,"parent":0,"menu_order":0,"comment_status":"closed","ping_status":"closed","template":"","meta":{"footnotes":""},"class_list":["post-66","page","type-page","status-publish","hentry"],"_links":{"self":[{"href":"https:\/\/tus.fi\/sm2021\/wp-json\/wp\/v2\/pages\/66","targetHints":{"allow":["GET"]}}],"collection":[{"href":"https:\/\/tus.fi\/sm2021\/wp-json\/wp\/v2\/pages"}],"about":[{"href":"https:\/\/tus.fi\/sm2021\/wp-json\/wp\/v2\/types\/page"}],"author":[{"embeddable":true,"href":"https:\/\/tus.fi\/sm2021\/wp-json\/wp\/v2\/users\/1"}],"replies":[{"embeddable":true,"href":"https:\/\/tus.fi\/sm2021\/wp-json\/wp\/v2\/comments?post=66"}],"version-history":[{"count":39,"href":"https:\/\/tus.fi\/sm2021\/wp-json\/wp\/v2\/pages\/66\/revisions"}],"predecessor-version":[{"id":354,"href":"https:\/\/tus.fi\/sm2021\/wp-json\/wp\/v2\/pages\/66\/revisions\/354"}],"wp:attachment":[{"href":"https:\/\/tus.fi\/sm2021\/wp-json\/wp\/v2\/media?parent=66"}],"curies":[{"name":"wp","href":"https:\/\/api.w.org\/{rel}","templated":true}]}}